{"id":3313,"date":"2022-06-27T21:46:33","date_gmt":"2022-06-27T19:46:33","guid":{"rendered":"https:\/\/yara-yachting.com\/bookings\/voilier-excursion-dune-journee\/"},"modified":"2024-01-29T11:33:21","modified_gmt":"2024-01-29T10:33:21","slug":"journee-de-voile","status":"publish","type":"product","link":"https:\/\/yara-yachting.com\/fr\/reservations\/journee-de-voile\/","title":{"rendered":"Voilier | Excursion d\u2019une journ\u00e9e"},"content":{"rendered":"<p>Vous r\u00e9servez des places sur l&rsquo;un de nos voiliers. La s\u00e9lection du yacht sera faite par nous.<\/p>\n<p><strong>La tarification :<\/strong><\/p>\n<ul>\n<li>Adultes : 140 \u20ac<\/li>\n<li>Enfants (&lt; 12 ans) : 70 \u20ac<\/li>\n<li>maximum 8-10 personnes<\/li>\n<\/ul>\n<p><strong>Inclus :<\/strong><\/p>\n<ul>\n<li>Transfert aller-retour \u00e0 l&rsquo;h\u00f4tel (au sud de Rhodes)<\/li>\n<li>\u00c9quipage professionnel avec skipper et h\u00f4te<\/li>\n<li>Vari\u00e9t\u00e9 de vins, de bi\u00e8res et de boissons non alcoolis\u00e9es<\/li>\n<li>un d\u00e9jeuner buffet m\u00e9diterran\u00e9en fra\u00eechement pr\u00e9par\u00e9<\/li>\n<li>\u00c9quipement de plong\u00e9e avec tuba<\/li>\n<li>Assurance<\/li>\n<\/ul>\n","protected":false},"excerpt":{"rendered":"<p>Vous r\u00e9servez des places sur l&rsquo;un de nos voiliers. La s\u00e9lection du yacht sera faite par nous. La tarification : Adultes : 140 \u20ac Enfants (&lt; 12 ans) : 70 \u20ac maximum 8-10 personnes Inclus : Transfert aller-retour \u00e0 l&rsquo;h\u00f4tel (au sud de Rhodes) \u00c9quipage professionnel avec skipper et h\u00f4te Vari\u00e9t\u00e9 de vins, de bi\u00e8res [&hellip;]<\/p>\n","protected":false},"featured_media":2906,"template":"","meta":{"site-sidebar-layout":"default","site-content-layout":"default","ast-site-content-layout":"default","site-content-style":"default","site-sidebar-style":"default","ast-global-header-display":"","ast-banner-title-visibility":"","ast-main-header-display":"","ast-hfb-above-header-display":"","ast-hfb-below-header-display":"","ast-hfb-mobile-header-display":"","site-post-title":"","ast-breadcrumbs-content":"","ast-featured-img":"","footer-sml-layout":"","theme-transparent-header-meta":"default","adv-header-id-meta":"","stick-header-meta":"","header-above-stick-meta":"","header-main-stick-meta":"","header-below-stick-meta":"","astra-migrate-meta-layouts":"set","ast-page-background-enabled":"default","ast-page-background-meta":{"desktop":{"background-color":"var(--ast-global-color-4)","background-image":"","background-repeat":"repeat","background-position":"center center","background-size":"auto","background-attachment":"scroll","background-type":"","background-media":"","overlay-type":"","overlay-color":"","overlay-gradient":""},"tablet":{"background-color":"","background-image":"","background-repeat":"repeat","background-position":"center center","background-size":"auto","background-attachment":"scroll","background-type":"","background-media":"","overlay-type":"","overlay-color":"","overlay-gradient":""},"mobile":{"background-color":"","background-image":"","background-repeat":"repeat","background-position":"center center","background-size":"auto","background-attachment":"scroll","background-type":"","background-media":"","overlay-type":"","overlay-color":"","overlay-gradient":""}},"ast-content-background-meta":{"desktop":{"background-color":"var(--ast-global-color-5)","background-image":"","background-repeat":"repeat","background-position":"center center","background-size":"auto","background-attachment":"scroll","background-type":"","background-media":"","overlay-type":"","overlay-color":"","overlay-gradient":""},"tablet":{"background-color":"var(--ast-global-color-5)","background-image":"","background-repeat":"repeat","background-position":"center center","background-size":"auto","background-attachment":"scroll","background-type":"","background-media":"","overlay-type":"","overlay-color":"","overlay-gradient":""},"mobile":{"background-color":"var(--ast-global-color-5)","background-image":"","background-repeat":"repeat","background-position":"center center","background-size":"auto","background-attachment":"scroll","background-type":"","background-media":"","overlay-type":"","overlay-color":"","overlay-gradient":""}}},"product_brand":[],"product_cat":[53],"product_tag":[],"class_list":{"0":"post-3313","1":"product","2":"type-product","3":"status-publish","4":"has-post-thumbnail","6":"product_cat-non-classifiee","7":"desktop-align-left","8":"tablet-align-left","9":"mobile-align-left","11":"first","12":"instock","13":"virtual","14":"sold-individually","15":"purchasable","16":"product-type-phive_booking"},"yoast_head":"<!-- This site is optimized with the Yoast SEO plugin v27.1.1 - https:\/\/yoast.com\/product\/yoast-seo-wordpress\/ -->\n<title>Yara Yachting | Excursions \u00e0 la voile \u00e0 Rhodes | R\u00e9server une excursion d&#039;une journ\u00e9e sur un yacht \u00e0 voile<\/title>\n<meta name=\"description\" content=\"R\u00e9servez une excursion d&#039;une journ\u00e9e sur nos voiliers avec notre \u00e9quipage professionnel pour d\u00e9couvrir les eaux m\u00e9diterran\u00e9ennes et les c\u00f4tes de Rhodes.\" \/>\n<meta name=\"robots\" content=\"index, follow, max-snippet:-1, max-image-preview:large, max-video-preview:-1\" \/>\n<link rel=\"canonical\" href=\"https:\/\/yara-yachting.com\/fr\/reservations\/journee-de-voile\/\" \/>\n<meta property=\"og:locale\" content=\"fr_FR\" \/>\n<meta property=\"og:type\" content=\"article\" \/>\n<meta property=\"og:title\" content=\"Yara Yachting | Excursions \u00e0 la voile \u00e0 Rhodes | R\u00e9server une excursion d&#039;une journ\u00e9e sur un yacht \u00e0 voile\" \/>\n<meta property=\"og:description\" content=\"R\u00e9servez une excursion d&#039;une journ\u00e9e sur nos voiliers avec notre \u00e9quipage professionnel pour d\u00e9couvrir les eaux m\u00e9diterran\u00e9ennes et les c\u00f4tes de Rhodes.\" \/>\n<meta property=\"og:url\" content=\"https:\/\/yara-yachting.com\/fr\/reservations\/journee-de-voile\/\" \/>\n<meta property=\"og:site_name\" content=\"Yara Yachting\" \/>\n<meta property=\"article:modified_time\" content=\"2024-01-29T10:33:21+00:00\" \/>\n<meta property=\"og:image\" content=\"https:\/\/yara-yachting.com\/wp-content\/uploads\/2022\/06\/yacht-charter-rhodes-jeanneau-16.jpg\" \/>\n\t<meta property=\"og:image:width\" content=\"1620\" \/>\n\t<meta property=\"og:image:height\" content=\"1080\" \/>\n\t<meta property=\"og:image:type\" content=\"image\/jpeg\" \/>\n<meta name=\"twitter:card\" content=\"summary_large_image\" \/>\n<meta name=\"twitter:label1\" content=\"Dur\u00e9e de lecture estim\u00e9e\" \/>\n\t<meta name=\"twitter:data1\" content=\"1 minute\" \/>\n<script type=\"application\/ld+json\" class=\"yoast-schema-graph\">{\"@context\":\"https:\/\/schema.org\",\"@graph\":[{\"@type\":\"WebPage\",\"@id\":\"https:\/\/yara-yachting.com\/fr\/reservations\/journee-de-voile\/\",\"url\":\"https:\/\/yara-yachting.com\/fr\/reservations\/journee-de-voile\/\",\"name\":\"Yara Yachting | Excursions \u00e0 la voile \u00e0 Rhodes | R\u00e9server une excursion d'une journ\u00e9e sur un yacht \u00e0 voile\",\"isPartOf\":{\"@id\":\"https:\/\/yara-yachting.com\/fr\/#website\"},\"primaryImageOfPage\":{\"@id\":\"https:\/\/yara-yachting.com\/fr\/reservations\/journee-de-voile\/#primaryimage\"},\"image\":{\"@id\":\"https:\/\/yara-yachting.com\/fr\/reservations\/journee-de-voile\/#primaryimage\"},\"thumbnailUrl\":\"https:\/\/yara-yachting.com\/wp-content\/uploads\/2022\/06\/yacht-charter-rhodes-jeanneau-16.jpg\",\"datePublished\":\"2022-06-27T19:46:33+00:00\",\"dateModified\":\"2024-01-29T10:33:21+00:00\",\"description\":\"R\u00e9servez une excursion d'une journ\u00e9e sur nos voiliers avec notre \u00e9quipage professionnel pour d\u00e9couvrir les eaux m\u00e9diterran\u00e9ennes et les c\u00f4tes de Rhodes.\",\"breadcrumb\":{\"@id\":\"https:\/\/yara-yachting.com\/fr\/reservations\/journee-de-voile\/#breadcrumb\"},\"inLanguage\":\"fr-FR\",\"potentialAction\":[{\"@type\":\"ReadAction\",\"target\":[\"https:\/\/yara-yachting.com\/fr\/reservations\/journee-de-voile\/\"]}]},{\"@type\":\"ImageObject\",\"inLanguage\":\"fr-FR\",\"@id\":\"https:\/\/yara-yachting.com\/fr\/reservations\/journee-de-voile\/#primaryimage\",\"url\":\"https:\/\/yara-yachting.com\/wp-content\/uploads\/2022\/06\/yacht-charter-rhodes-jeanneau-16.jpg\",\"contentUrl\":\"https:\/\/yara-yachting.com\/wp-content\/uploads\/2022\/06\/yacht-charter-rhodes-jeanneau-16.jpg\",\"width\":1620,\"height\":1080},{\"@type\":\"BreadcrumbList\",\"@id\":\"https:\/\/yara-yachting.com\/fr\/reservations\/journee-de-voile\/#breadcrumb\",\"itemListElement\":[{\"@type\":\"ListItem\",\"position\":1,\"name\":\"Home\",\"item\":\"https:\/\/yara-yachting.com\/fr\/\"},{\"@type\":\"ListItem\",\"position\":2,\"name\":\"R\u00e9servez\",\"item\":\"https:\/\/yara-yachting.com\/fr\/reservez-maintenant\/\"},{\"@type\":\"ListItem\",\"position\":3,\"name\":\"Voilier | Excursion d\u2019une journ\u00e9e\"}]},{\"@type\":\"WebSite\",\"@id\":\"https:\/\/yara-yachting.com\/fr\/#website\",\"url\":\"https:\/\/yara-yachting.com\/fr\/\",\"name\":\"Yara Yachting\",\"description\":\"Yacht Charter Rhodes\",\"publisher\":{\"@id\":\"https:\/\/yara-yachting.com\/fr\/#organization\"},\"potentialAction\":[{\"@type\":\"SearchAction\",\"target\":{\"@type\":\"EntryPoint\",\"urlTemplate\":\"https:\/\/yara-yachting.com\/fr\/?s={search_term_string}\"},\"query-input\":{\"@type\":\"PropertyValueSpecification\",\"valueRequired\":true,\"valueName\":\"search_term_string\"}}],\"inLanguage\":\"fr-FR\"},{\"@type\":\"Organization\",\"@id\":\"https:\/\/yara-yachting.com\/fr\/#organization\",\"name\":\"Yara Yachting\",\"url\":\"https:\/\/yara-yachting.com\/fr\/\",\"logo\":{\"@type\":\"ImageObject\",\"inLanguage\":\"fr-FR\",\"@id\":\"https:\/\/yara-yachting.com\/fr\/#\/schema\/logo\/image\/\",\"url\":\"https:\/\/yara-yachting.com\/wp-content\/uploads\/2022\/03\/yara-yacht-charter-rhodes.svg\",\"contentUrl\":\"https:\/\/yara-yachting.com\/wp-content\/uploads\/2022\/03\/yara-yacht-charter-rhodes.svg\",\"width\":841,\"height\":217,\"caption\":\"Yara Yachting\"},\"image\":{\"@id\":\"https:\/\/yara-yachting.com\/fr\/#\/schema\/logo\/image\/\"}}]}<\/script>\n<!-- \/ Yoast SEO plugin. -->","yoast_head_json":{"title":"Yara Yachting | Excursions \u00e0 la voile \u00e0 Rhodes | R\u00e9server une excursion d'une journ\u00e9e sur un yacht \u00e0 voile","description":"R\u00e9servez une excursion d'une journ\u00e9e sur nos voiliers avec notre \u00e9quipage professionnel pour d\u00e9couvrir les eaux m\u00e9diterran\u00e9ennes et les c\u00f4tes de Rhodes.","robots":{"index":"index","follow":"follow","max-snippet":"max-snippet:-1","max-image-preview":"max-image-preview:large","max-video-preview":"max-video-preview:-1"},"canonical":"https:\/\/yara-yachting.com\/fr\/reservations\/journee-de-voile\/","og_locale":"fr_FR","og_type":"article","og_title":"Yara Yachting | Excursions \u00e0 la voile \u00e0 Rhodes | R\u00e9server une excursion d'une journ\u00e9e sur un yacht \u00e0 voile","og_description":"R\u00e9servez une excursion d'une journ\u00e9e sur nos voiliers avec notre \u00e9quipage professionnel pour d\u00e9couvrir les eaux m\u00e9diterran\u00e9ennes et les c\u00f4tes de Rhodes.","og_url":"https:\/\/yara-yachting.com\/fr\/reservations\/journee-de-voile\/","og_site_name":"Yara Yachting","article_modified_time":"2024-01-29T10:33:21+00:00","og_image":[{"width":1620,"height":1080,"url":"https:\/\/yara-yachting.com\/wp-content\/uploads\/2022\/06\/yacht-charter-rhodes-jeanneau-16.jpg","type":"image\/jpeg"}],"twitter_card":"summary_large_image","twitter_misc":{"Dur\u00e9e de lecture estim\u00e9e":"1 minute"},"schema":{"@context":"https:\/\/schema.org","@graph":[{"@type":"WebPage","@id":"https:\/\/yara-yachting.com\/fr\/reservations\/journee-de-voile\/","url":"https:\/\/yara-yachting.com\/fr\/reservations\/journee-de-voile\/","name":"Yara Yachting | Excursions \u00e0 la voile \u00e0 Rhodes | R\u00e9server une excursion d'une journ\u00e9e sur un yacht \u00e0 voile","isPartOf":{"@id":"https:\/\/yara-yachting.com\/fr\/#website"},"primaryImageOfPage":{"@id":"https:\/\/yara-yachting.com\/fr\/reservations\/journee-de-voile\/#primaryimage"},"image":{"@id":"https:\/\/yara-yachting.com\/fr\/reservations\/journee-de-voile\/#primaryimage"},"thumbnailUrl":"https:\/\/yara-yachting.com\/wp-content\/uploads\/2022\/06\/yacht-charter-rhodes-jeanneau-16.jpg","datePublished":"2022-06-27T19:46:33+00:00","dateModified":"2024-01-29T10:33:21+00:00","description":"R\u00e9servez une excursion d'une journ\u00e9e sur nos voiliers avec notre \u00e9quipage professionnel pour d\u00e9couvrir les eaux m\u00e9diterran\u00e9ennes et les c\u00f4tes de Rhodes.","breadcrumb":{"@id":"https:\/\/yara-yachting.com\/fr\/reservations\/journee-de-voile\/#breadcrumb"},"inLanguage":"fr-FR","potentialAction":[{"@type":"ReadAction","target":["https:\/\/yara-yachting.com\/fr\/reservations\/journee-de-voile\/"]}]},{"@type":"ImageObject","inLanguage":"fr-FR","@id":"https:\/\/yara-yachting.com\/fr\/reservations\/journee-de-voile\/#primaryimage","url":"https:\/\/yara-yachting.com\/wp-content\/uploads\/2022\/06\/yacht-charter-rhodes-jeanneau-16.jpg","contentUrl":"https:\/\/yara-yachting.com\/wp-content\/uploads\/2022\/06\/yacht-charter-rhodes-jeanneau-16.jpg","width":1620,"height":1080},{"@type":"BreadcrumbList","@id":"https:\/\/yara-yachting.com\/fr\/reservations\/journee-de-voile\/#breadcrumb","itemListElement":[{"@type":"ListItem","position":1,"name":"Home","item":"https:\/\/yara-yachting.com\/fr\/"},{"@type":"ListItem","position":2,"name":"R\u00e9servez","item":"https:\/\/yara-yachting.com\/fr\/reservez-maintenant\/"},{"@type":"ListItem","position":3,"name":"Voilier | Excursion d\u2019une journ\u00e9e"}]},{"@type":"WebSite","@id":"https:\/\/yara-yachting.com\/fr\/#website","url":"https:\/\/yara-yachting.com\/fr\/","name":"Yara Yachting","description":"Yacht Charter Rhodes","publisher":{"@id":"https:\/\/yara-yachting.com\/fr\/#organization"},"potentialAction":[{"@type":"SearchAction","target":{"@type":"EntryPoint","urlTemplate":"https:\/\/yara-yachting.com\/fr\/?s={search_term_string}"},"query-input":{"@type":"PropertyValueSpecification","valueRequired":true,"valueName":"search_term_string"}}],"inLanguage":"fr-FR"},{"@type":"Organization","@id":"https:\/\/yara-yachting.com\/fr\/#organization","name":"Yara Yachting","url":"https:\/\/yara-yachting.com\/fr\/","logo":{"@type":"ImageObject","inLanguage":"fr-FR","@id":"https:\/\/yara-yachting.com\/fr\/#\/schema\/logo\/image\/","url":"https:\/\/yara-yachting.com\/wp-content\/uploads\/2022\/03\/yara-yacht-charter-rhodes.svg","contentUrl":"https:\/\/yara-yachting.com\/wp-content\/uploads\/2022\/03\/yara-yacht-charter-rhodes.svg","width":841,"height":217,"caption":"Yara Yachting"},"image":{"@id":"https:\/\/yara-yachting.com\/fr\/#\/schema\/logo\/image\/"}}]}},"_links":{"self":[{"href":"https:\/\/yara-yachting.com\/fr\/wp-json\/wp\/v2\/product\/3313","targetHints":{"allow":["GET"]}}],"collection":[{"href":"https:\/\/yara-yachting.com\/fr\/wp-json\/wp\/v2\/product"}],"about":[{"href":"https:\/\/yara-yachting.com\/fr\/wp-json\/wp\/v2\/types\/product"}],"wp:featuredmedia":[{"embeddable":true,"href":"https:\/\/yara-yachting.com\/fr\/wp-json\/wp\/v2\/media\/2906"}],"wp:attachment":[{"href":"https:\/\/yara-yachting.com\/fr\/wp-json\/wp\/v2\/media?parent=3313"}],"wp:term":[{"taxonomy":"product_brand","embeddable":true,"href":"https:\/\/yara-yachting.com\/fr\/wp-json\/wp\/v2\/product_brand?post=3313"},{"taxonomy":"product_cat","embeddable":true,"href":"https:\/\/yara-yachting.com\/fr\/wp-json\/wp\/v2\/product_cat?post=3313"},{"taxonomy":"product_tag","embeddable":true,"href":"https:\/\/yara-yachting.com\/fr\/wp-json\/wp\/v2\/product_tag?post=3313"}],"curies":[{"name":"wp","href":"https:\/\/api.w.org\/{rel}","templated":true}]}}