{"id":3308,"date":"2022-06-28T09:10:34","date_gmt":"2022-06-28T07:10:34","guid":{"rendered":"https:\/\/yara-yachting.com\/bookings\/voilier-beneteau-location-exclusive-dune-semaine-7-jours\/"},"modified":"2024-01-29T11:44:29","modified_gmt":"2024-01-29T10:44:29","slug":"voilier-jeanneau-exclusif-semaine-charter-7-jours","status":"publish","type":"product","link":"https:\/\/yara-yachting.com\/fr\/reservations\/voilier-jeanneau-exclusif-semaine-charter-7-jours\/","title":{"rendered":"Voilier | Excursion priv\u00e9e d&rsquo;une semaine (7 jours)"},"content":{"rendered":"<p><strong>La capacit\u00e9 maximale pour une semaine de charter est de 8 personnes. <\/strong><\/p>\n<p><strong>La tarification :<\/strong><\/p>\n<ul>\n<li>Par semaine : 6.800 \u20ac<br \/>\n(Capacit\u00e9 maximale : 8 personnes)<\/li>\n<\/ul>\n<p><strong>Inclus :<\/strong><\/p>\n<ul>\n<li>Carburant<\/li>\n<li>Petit-d\u00e9jeuner<\/li>\n<li>D\u00e9jeuner<\/li>\n<li>Boissons<\/li>\n<li>Frais portuaires<\/li>\n<li>Nettoyage final<\/li>\n<\/ul>\n<p><strong>Non inclus :<\/strong><\/p>\n<ul>\n<li>D\u00eener<\/li>\n<\/ul>\n","protected":false},"excerpt":{"rendered":"<p>&nbsp;<\/p>\n<p>&nbsp;<\/p>\n","protected":false},"featured_media":2869,"template":"","meta":{"site-sidebar-layout":"default","site-content-layout":"default","ast-site-content-layout":"default","site-content-style":"default","site-sidebar-style":"default","ast-global-header-display":"","ast-banner-title-visibility":"","ast-main-header-display":"","ast-hfb-above-header-display":"","ast-hfb-below-header-display":"","ast-hfb-mobile-header-display":"","site-post-title":"","ast-breadcrumbs-content":"","ast-featured-img":"","footer-sml-layout":"","theme-transparent-header-meta":"default","adv-header-id-meta":"","stick-header-meta":"","header-above-stick-meta":"","header-main-stick-meta":"","header-below-stick-meta":"","astra-migrate-meta-layouts":"set","ast-page-background-enabled":"default","ast-page-background-meta":{"desktop":{"background-color":"var(--ast-global-color-4)","background-image":"","background-repeat":"repeat","background-position":"center center","background-size":"auto","background-attachment":"scroll","background-type":"","background-media":"","overlay-type":"","overlay-color":"","overlay-gradient":""},"tablet":{"background-color":"","background-image":"","background-repeat":"repeat","background-position":"center center","background-size":"auto","background-attachment":"scroll","background-type":"","background-media":"","overlay-type":"","overlay-color":"","overlay-gradient":""},"mobile":{"background-color":"","background-image":"","background-repeat":"repeat","background-position":"center center","background-size":"auto","background-attachment":"scroll","background-type":"","background-media":"","overlay-type":"","overlay-color":"","overlay-gradient":""}},"ast-content-background-meta":{"desktop":{"background-color":"var(--ast-global-color-5)","background-image":"","background-repeat":"repeat","background-position":"center center","background-size":"auto","background-attachment":"scroll","background-type":"","background-media":"","overlay-type":"","overlay-color":"","overlay-gradient":""},"tablet":{"background-color":"var(--ast-global-color-5)","background-image":"","background-repeat":"repeat","background-position":"center center","background-size":"auto","background-attachment":"scroll","background-type":"","background-media":"","overlay-type":"","overlay-color":"","overlay-gradient":""},"mobile":{"background-color":"var(--ast-global-color-5)","background-image":"","background-repeat":"repeat","background-position":"center center","background-size":"auto","background-attachment":"scroll","background-type":"","background-media":"","overlay-type":"","overlay-color":"","overlay-gradient":""}}},"product_brand":[],"product_cat":[53],"product_tag":[],"class_list":{"0":"post-3308","1":"product","2":"type-product","3":"status-publish","4":"has-post-thumbnail","6":"product_cat-non-classifiee","7":"desktop-align-left","8":"tablet-align-left","9":"mobile-align-left","11":"first","12":"instock","13":"virtual","14":"sold-individually","15":"purchasable","16":"product-type-phive_booking"},"yoast_head":"<!-- This site is optimized with the Yoast SEO plugin v27.1.1 - https:\/\/yoast.com\/product\/yoast-seo-wordpress\/ -->\n<title>Yara Yachting | Exclusive Week Charter | R\u00e9servez notre voilier Jeanneau<\/title>\n<meta name=\"description\" content=\"R\u00e9servez une semaine de location de voile exclusive \u00e0 Rhodes pour vous et vos proches sur notre yacht Jeanneau 53 - luxueux, confortable et s\u00fbr.\" \/>\n<meta name=\"robots\" content=\"index, follow, max-snippet:-1, max-image-preview:large, max-video-preview:-1\" \/>\n<link rel=\"canonical\" href=\"https:\/\/yara-yachting.com\/fr\/reservations\/voilier-jeanneau-exclusif-semaine-charter-7-jours\/\" \/>\n<meta property=\"og:locale\" content=\"fr_FR\" \/>\n<meta property=\"og:type\" content=\"article\" \/>\n<meta property=\"og:title\" content=\"Yara Yachting | Exclusive Week Charter | R\u00e9servez notre voilier Jeanneau\" \/>\n<meta property=\"og:description\" content=\"R\u00e9servez une semaine de location de voile exclusive \u00e0 Rhodes pour vous et vos proches sur notre yacht Jeanneau 53 - luxueux, confortable et s\u00fbr.\" \/>\n<meta property=\"og:url\" content=\"https:\/\/yara-yachting.com\/fr\/reservations\/voilier-jeanneau-exclusif-semaine-charter-7-jours\/\" \/>\n<meta property=\"og:site_name\" content=\"Yara Yachting\" \/>\n<meta property=\"article:modified_time\" content=\"2024-01-29T10:44:29+00:00\" \/>\n<meta property=\"og:image\" content=\"https:\/\/yara-yachting.com\/wp-content\/uploads\/2022\/06\/yacht-charter-rhodes-jeanneau-7.jpg\" \/>\n\t<meta property=\"og:image:width\" content=\"1620\" \/>\n\t<meta property=\"og:image:height\" content=\"1080\" \/>\n\t<meta property=\"og:image:type\" content=\"image\/jpeg\" \/>\n<meta name=\"twitter:card\" content=\"summary_large_image\" \/>\n<meta name=\"twitter:label1\" content=\"Dur\u00e9e de lecture estim\u00e9e\" \/>\n\t<meta name=\"twitter:data1\" content=\"1 minute\" \/>\n<script type=\"application\/ld+json\" class=\"yoast-schema-graph\">{\"@context\":\"https:\/\/schema.org\",\"@graph\":[{\"@type\":\"WebPage\",\"@id\":\"https:\/\/yara-yachting.com\/fr\/reservations\/voilier-jeanneau-exclusif-semaine-charter-7-jours\/\",\"url\":\"https:\/\/yara-yachting.com\/fr\/reservations\/voilier-jeanneau-exclusif-semaine-charter-7-jours\/\",\"name\":\"Yara Yachting | Exclusive Week Charter | R\u00e9servez notre voilier Jeanneau\",\"isPartOf\":{\"@id\":\"https:\/\/yara-yachting.com\/fr\/#website\"},\"primaryImageOfPage\":{\"@id\":\"https:\/\/yara-yachting.com\/fr\/reservations\/voilier-jeanneau-exclusif-semaine-charter-7-jours\/#primaryimage\"},\"image\":{\"@id\":\"https:\/\/yara-yachting.com\/fr\/reservations\/voilier-jeanneau-exclusif-semaine-charter-7-jours\/#primaryimage\"},\"thumbnailUrl\":\"https:\/\/yara-yachting.com\/wp-content\/uploads\/2022\/06\/yacht-charter-rhodes-jeanneau-7.jpg\",\"datePublished\":\"2022-06-28T07:10:34+00:00\",\"dateModified\":\"2024-01-29T10:44:29+00:00\",\"description\":\"R\u00e9servez une semaine de location de voile exclusive \u00e0 Rhodes pour vous et vos proches sur notre yacht Jeanneau 53 - luxueux, confortable et s\u00fbr.\",\"breadcrumb\":{\"@id\":\"https:\/\/yara-yachting.com\/fr\/reservations\/voilier-jeanneau-exclusif-semaine-charter-7-jours\/#breadcrumb\"},\"inLanguage\":\"fr-FR\",\"potentialAction\":[{\"@type\":\"ReadAction\",\"target\":[\"https:\/\/yara-yachting.com\/fr\/reservations\/voilier-jeanneau-exclusif-semaine-charter-7-jours\/\"]}]},{\"@type\":\"ImageObject\",\"inLanguage\":\"fr-FR\",\"@id\":\"https:\/\/yara-yachting.com\/fr\/reservations\/voilier-jeanneau-exclusif-semaine-charter-7-jours\/#primaryimage\",\"url\":\"https:\/\/yara-yachting.com\/wp-content\/uploads\/2022\/06\/yacht-charter-rhodes-jeanneau-7.jpg\",\"contentUrl\":\"https:\/\/yara-yachting.com\/wp-content\/uploads\/2022\/06\/yacht-charter-rhodes-jeanneau-7.jpg\",\"width\":1620,\"height\":1080,\"caption\":\"Yara location d'un yacht \u00e0 Rhodes\"},{\"@type\":\"BreadcrumbList\",\"@id\":\"https:\/\/yara-yachting.com\/fr\/reservations\/voilier-jeanneau-exclusif-semaine-charter-7-jours\/#breadcrumb\",\"itemListElement\":[{\"@type\":\"ListItem\",\"position\":1,\"name\":\"Home\",\"item\":\"https:\/\/yara-yachting.com\/fr\/\"},{\"@type\":\"ListItem\",\"position\":2,\"name\":\"R\u00e9servez\",\"item\":\"https:\/\/yara-yachting.com\/fr\/reservez-maintenant\/\"},{\"@type\":\"ListItem\",\"position\":3,\"name\":\"Voilier | Excursion priv\u00e9e d&#8217;une semaine (7 jours)\"}]},{\"@type\":\"WebSite\",\"@id\":\"https:\/\/yara-yachting.com\/fr\/#website\",\"url\":\"https:\/\/yara-yachting.com\/fr\/\",\"name\":\"Yara Yachting\",\"description\":\"Yacht Charter Rhodes\",\"publisher\":{\"@id\":\"https:\/\/yara-yachting.com\/fr\/#organization\"},\"potentialAction\":[{\"@type\":\"SearchAction\",\"target\":{\"@type\":\"EntryPoint\",\"urlTemplate\":\"https:\/\/yara-yachting.com\/fr\/?s={search_term_string}\"},\"query-input\":{\"@type\":\"PropertyValueSpecification\",\"valueRequired\":true,\"valueName\":\"search_term_string\"}}],\"inLanguage\":\"fr-FR\"},{\"@type\":\"Organization\",\"@id\":\"https:\/\/yara-yachting.com\/fr\/#organization\",\"name\":\"Yara Yachting\",\"url\":\"https:\/\/yara-yachting.com\/fr\/\",\"logo\":{\"@type\":\"ImageObject\",\"inLanguage\":\"fr-FR\",\"@id\":\"https:\/\/yara-yachting.com\/fr\/#\/schema\/logo\/image\/\",\"url\":\"https:\/\/yara-yachting.com\/wp-content\/uploads\/2022\/03\/yara-yacht-charter-rhodes.svg\",\"contentUrl\":\"https:\/\/yara-yachting.com\/wp-content\/uploads\/2022\/03\/yara-yacht-charter-rhodes.svg\",\"width\":841,\"height\":217,\"caption\":\"Yara Yachting\"},\"image\":{\"@id\":\"https:\/\/yara-yachting.com\/fr\/#\/schema\/logo\/image\/\"}}]}<\/script>\n<!-- \/ Yoast SEO plugin. -->","yoast_head_json":{"title":"Yara Yachting | Exclusive Week Charter | R\u00e9servez notre voilier Jeanneau","description":"R\u00e9servez une semaine de location de voile exclusive \u00e0 Rhodes pour vous et vos proches sur notre yacht Jeanneau 53 - luxueux, confortable et s\u00fbr.","robots":{"index":"index","follow":"follow","max-snippet":"max-snippet:-1","max-image-preview":"max-image-preview:large","max-video-preview":"max-video-preview:-1"},"canonical":"https:\/\/yara-yachting.com\/fr\/reservations\/voilier-jeanneau-exclusif-semaine-charter-7-jours\/","og_locale":"fr_FR","og_type":"article","og_title":"Yara Yachting | Exclusive Week Charter | R\u00e9servez notre voilier Jeanneau","og_description":"R\u00e9servez une semaine de location de voile exclusive \u00e0 Rhodes pour vous et vos proches sur notre yacht Jeanneau 53 - luxueux, confortable et s\u00fbr.","og_url":"https:\/\/yara-yachting.com\/fr\/reservations\/voilier-jeanneau-exclusif-semaine-charter-7-jours\/","og_site_name":"Yara Yachting","article_modified_time":"2024-01-29T10:44:29+00:00","og_image":[{"width":1620,"height":1080,"url":"https:\/\/yara-yachting.com\/wp-content\/uploads\/2022\/06\/yacht-charter-rhodes-jeanneau-7.jpg","type":"image\/jpeg"}],"twitter_card":"summary_large_image","twitter_misc":{"Dur\u00e9e de lecture estim\u00e9e":"1 minute"},"schema":{"@context":"https:\/\/schema.org","@graph":[{"@type":"WebPage","@id":"https:\/\/yara-yachting.com\/fr\/reservations\/voilier-jeanneau-exclusif-semaine-charter-7-jours\/","url":"https:\/\/yara-yachting.com\/fr\/reservations\/voilier-jeanneau-exclusif-semaine-charter-7-jours\/","name":"Yara Yachting | Exclusive Week Charter | R\u00e9servez notre voilier Jeanneau","isPartOf":{"@id":"https:\/\/yara-yachting.com\/fr\/#website"},"primaryImageOfPage":{"@id":"https:\/\/yara-yachting.com\/fr\/reservations\/voilier-jeanneau-exclusif-semaine-charter-7-jours\/#primaryimage"},"image":{"@id":"https:\/\/yara-yachting.com\/fr\/reservations\/voilier-jeanneau-exclusif-semaine-charter-7-jours\/#primaryimage"},"thumbnailUrl":"https:\/\/yara-yachting.com\/wp-content\/uploads\/2022\/06\/yacht-charter-rhodes-jeanneau-7.jpg","datePublished":"2022-06-28T07:10:34+00:00","dateModified":"2024-01-29T10:44:29+00:00","description":"R\u00e9servez une semaine de location de voile exclusive \u00e0 Rhodes pour vous et vos proches sur notre yacht Jeanneau 53 - luxueux, confortable et s\u00fbr.","breadcrumb":{"@id":"https:\/\/yara-yachting.com\/fr\/reservations\/voilier-jeanneau-exclusif-semaine-charter-7-jours\/#breadcrumb"},"inLanguage":"fr-FR","potentialAction":[{"@type":"ReadAction","target":["https:\/\/yara-yachting.com\/fr\/reservations\/voilier-jeanneau-exclusif-semaine-charter-7-jours\/"]}]},{"@type":"ImageObject","inLanguage":"fr-FR","@id":"https:\/\/yara-yachting.com\/fr\/reservations\/voilier-jeanneau-exclusif-semaine-charter-7-jours\/#primaryimage","url":"https:\/\/yara-yachting.com\/wp-content\/uploads\/2022\/06\/yacht-charter-rhodes-jeanneau-7.jpg","contentUrl":"https:\/\/yara-yachting.com\/wp-content\/uploads\/2022\/06\/yacht-charter-rhodes-jeanneau-7.jpg","width":1620,"height":1080,"caption":"Yara location d'un yacht \u00e0 Rhodes"},{"@type":"BreadcrumbList","@id":"https:\/\/yara-yachting.com\/fr\/reservations\/voilier-jeanneau-exclusif-semaine-charter-7-jours\/#breadcrumb","itemListElement":[{"@type":"ListItem","position":1,"name":"Home","item":"https:\/\/yara-yachting.com\/fr\/"},{"@type":"ListItem","position":2,"name":"R\u00e9servez","item":"https:\/\/yara-yachting.com\/fr\/reservez-maintenant\/"},{"@type":"ListItem","position":3,"name":"Voilier | Excursion priv\u00e9e d&#8217;une semaine (7 jours)"}]},{"@type":"WebSite","@id":"https:\/\/yara-yachting.com\/fr\/#website","url":"https:\/\/yara-yachting.com\/fr\/","name":"Yara Yachting","description":"Yacht Charter Rhodes","publisher":{"@id":"https:\/\/yara-yachting.com\/fr\/#organization"},"potentialAction":[{"@type":"SearchAction","target":{"@type":"EntryPoint","urlTemplate":"https:\/\/yara-yachting.com\/fr\/?s={search_term_string}"},"query-input":{"@type":"PropertyValueSpecification","valueRequired":true,"valueName":"search_term_string"}}],"inLanguage":"fr-FR"},{"@type":"Organization","@id":"https:\/\/yara-yachting.com\/fr\/#organization","name":"Yara Yachting","url":"https:\/\/yara-yachting.com\/fr\/","logo":{"@type":"ImageObject","inLanguage":"fr-FR","@id":"https:\/\/yara-yachting.com\/fr\/#\/schema\/logo\/image\/","url":"https:\/\/yara-yachting.com\/wp-content\/uploads\/2022\/03\/yara-yacht-charter-rhodes.svg","contentUrl":"https:\/\/yara-yachting.com\/wp-content\/uploads\/2022\/03\/yara-yacht-charter-rhodes.svg","width":841,"height":217,"caption":"Yara Yachting"},"image":{"@id":"https:\/\/yara-yachting.com\/fr\/#\/schema\/logo\/image\/"}}]}},"_links":{"self":[{"href":"https:\/\/yara-yachting.com\/fr\/wp-json\/wp\/v2\/product\/3308","targetHints":{"allow":["GET"]}}],"collection":[{"href":"https:\/\/yara-yachting.com\/fr\/wp-json\/wp\/v2\/product"}],"about":[{"href":"https:\/\/yara-yachting.com\/fr\/wp-json\/wp\/v2\/types\/product"}],"wp:featuredmedia":[{"embeddable":true,"href":"https:\/\/yara-yachting.com\/fr\/wp-json\/wp\/v2\/media\/2869"}],"wp:attachment":[{"href":"https:\/\/yara-yachting.com\/fr\/wp-json\/wp\/v2\/media?parent=3308"}],"wp:term":[{"taxonomy":"product_brand","embeddable":true,"href":"https:\/\/yara-yachting.com\/fr\/wp-json\/wp\/v2\/product_brand?post=3308"},{"taxonomy":"product_cat","embeddable":true,"href":"https:\/\/yara-yachting.com\/fr\/wp-json\/wp\/v2\/product_cat?post=3308"},{"taxonomy":"product_tag","embeddable":true,"href":"https:\/\/yara-yachting.com\/fr\/wp-json\/wp\/v2\/product_tag?post=3308"}],"curies":[{"name":"wp","href":"https:\/\/api.w.org\/{rel}","templated":true}]}}