{"id":3435,"date":"2022-06-28T09:06:28","date_gmt":"2022-06-28T07:06:28","guid":{"rendered":"https:\/\/yara-yachting.com\/bookings\/segelyacht-jeanneau-exklusive-tagescharter\/"},"modified":"2024-01-29T09:38:00","modified_gmt":"2024-01-29T08:38:00","slug":"segeln-privater-tages-charter","status":"publish","type":"product","link":"https:\/\/yara-yachting.com\/de\/buchungen\/segeln-privater-tages-charter\/","title":{"rendered":"Segelyacht | Private Tagescharter"},"content":{"rendered":"<p><strong>Die maximale Kapazit\u00e4t f\u00fcr eine Tagescharter liegt bei 10 G\u00e4sten. <\/strong><\/p>\n<p><strong>Kosten:<\/strong><\/p>\n<ul>\n<li>Bis zu 6 Personen: 850 \u20ac<\/li>\n<li>Jede weitere Person: 50 \u20ac<\/li>\n<li>Maximale Kapazit\u00e4t: 10 Personen<\/li>\n<\/ul>\n<p><strong>Inklusive:<\/strong><\/p>\n<ul>\n<li>Hoteltransfer in beide Richtungen (S\u00fcd-Rhodos)<\/li>\n<li>Professionelle Crew mit Skipper und Host<\/li>\n<li>Auswahl an Wein, Bier und alkoholfreien Getr\u00e4nken<\/li>\n<li>Frisch an Bord zubereitetes mediterranes Mittagsbuffet<\/li>\n<li>Schnorchelausr\u00fcstung<\/li>\n<li>Versicherung<\/li>\n<\/ul>\n","protected":false},"excerpt":{"rendered":"<p>Die maximale Kapazit\u00e4t f\u00fcr eine Tagescharter liegt bei 10 G\u00e4sten. Kosten: Bis zu 6 Personen: 850 \u20ac Jede weitere Person: 50 \u20ac Maximale Kapazit\u00e4t: 10 Personen Inklusive: Hoteltransfer in beide Richtungen (S\u00fcd-Rhodos) Professionelle Crew mit Skipper und Host Auswahl an Wein, Bier und alkoholfreien Getr\u00e4nken Frisch an Bord zubereitetes mediterranes Mittagsbuffet Schnorchelausr\u00fcstung Versicherung<\/p>\n","protected":false},"featured_media":2756,"template":"","meta":{"site-sidebar-layout":"default","site-content-layout":"default","ast-site-content-layout":"default","site-content-style":"default","site-sidebar-style":"default","ast-global-header-display":"","ast-banner-title-visibility":"","ast-main-header-display":"","ast-hfb-above-header-display":"","ast-hfb-below-header-display":"","ast-hfb-mobile-header-display":"","site-post-title":"","ast-breadcrumbs-content":"","ast-featured-img":"","footer-sml-layout":"","theme-transparent-header-meta":"default","adv-header-id-meta":"","stick-header-meta":"","header-above-stick-meta":"","header-main-stick-meta":"","header-below-stick-meta":"","astra-migrate-meta-layouts":"set","ast-page-background-enabled":"default","ast-page-background-meta":{"desktop":{"background-color":"var(--ast-global-color-4)","background-image":"","background-repeat":"repeat","background-position":"center center","background-size":"auto","background-attachment":"scroll","background-type":"","background-media":"","overlay-type":"","overlay-color":"","overlay-gradient":""},"tablet":{"background-color":"","background-image":"","background-repeat":"repeat","background-position":"center center","background-size":"auto","background-attachment":"scroll","background-type":"","background-media":"","overlay-type":"","overlay-color":"","overlay-gradient":""},"mobile":{"background-color":"","background-image":"","background-repeat":"repeat","background-position":"center center","background-size":"auto","background-attachment":"scroll","background-type":"","background-media":"","overlay-type":"","overlay-color":"","overlay-gradient":""}},"ast-content-background-meta":{"desktop":{"background-color":"var(--ast-global-color-5)","background-image":"","background-repeat":"repeat","background-position":"center center","background-size":"auto","background-attachment":"scroll","background-type":"","background-media":"","overlay-type":"","overlay-color":"","overlay-gradient":""},"tablet":{"background-color":"var(--ast-global-color-5)","background-image":"","background-repeat":"repeat","background-position":"center center","background-size":"auto","background-attachment":"scroll","background-type":"","background-media":"","overlay-type":"","overlay-color":"","overlay-gradient":""},"mobile":{"background-color":"var(--ast-global-color-5)","background-image":"","background-repeat":"repeat","background-position":"center center","background-size":"auto","background-attachment":"scroll","background-type":"","background-media":"","overlay-type":"","overlay-color":"","overlay-gradient":""}}},"product_brand":[],"product_cat":[54],"product_tag":[],"class_list":{"0":"post-3435","1":"product","2":"type-product","3":"status-publish","4":"has-post-thumbnail","6":"product_cat-unkategorisiert","7":"desktop-align-left","8":"tablet-align-left","9":"mobile-align-left","11":"first","12":"instock","13":"virtual","14":"sold-individually","15":"purchasable","16":"product-type-phive_booking"},"yoast_head":"<!-- This site is optimized with the Yoast SEO plugin v27.1.1 - https:\/\/yoast.com\/product\/yoast-seo-wordpress\/ -->\n<title>Yara Yachting | Exklusiver Tagesausflug | Buchen Sie unsere Jeanneau Segelyacht<\/title>\n<meta name=\"description\" content=\"Buchen Sie einen exklusiven Segeltag auf Rhodos f\u00fcr sich und Ihre Lieben auf unserer Yacht Jeanneau 53 - luxuri\u00f6s, komfortabel und sicher.\" \/>\n<meta name=\"robots\" content=\"index, follow, max-snippet:-1, max-image-preview:large, max-video-preview:-1\" \/>\n<link rel=\"canonical\" href=\"https:\/\/yara-yachting.com\/de\/buchungen\/segeln-privater-tages-charter\/\" \/>\n<meta property=\"og:locale\" content=\"de_DE\" \/>\n<meta property=\"og:type\" content=\"article\" \/>\n<meta property=\"og:title\" content=\"Yara Yachting | Exklusiver Tagesausflug | Buchen Sie unsere Jeanneau Segelyacht\" \/>\n<meta property=\"og:description\" content=\"Buchen Sie einen exklusiven Segeltag auf Rhodos f\u00fcr sich und Ihre Lieben auf unserer Yacht Jeanneau 53 - luxuri\u00f6s, komfortabel und sicher.\" \/>\n<meta property=\"og:url\" content=\"https:\/\/yara-yachting.com\/de\/buchungen\/segeln-privater-tages-charter\/\" \/>\n<meta property=\"og:site_name\" content=\"Yara Yachting\" \/>\n<meta property=\"article:modified_time\" content=\"2024-01-29T08:38:00+00:00\" \/>\n<meta name=\"twitter:card\" content=\"summary_large_image\" \/>\n<meta name=\"twitter:label1\" content=\"Gesch\u00e4tzte Lesezeit\" \/>\n\t<meta name=\"twitter:data1\" content=\"1\u00a0Minute\" \/>\n<script type=\"application\/ld+json\" class=\"yoast-schema-graph\">{\"@context\":\"https:\/\/schema.org\",\"@graph\":[{\"@type\":\"WebPage\",\"@id\":\"https:\/\/yara-yachting.com\/de\/buchungen\/segeln-privater-tages-charter\/\",\"url\":\"https:\/\/yara-yachting.com\/de\/buchungen\/segeln-privater-tages-charter\/\",\"name\":\"Yara Yachting | Exklusiver Tagesausflug | Buchen Sie unsere Jeanneau Segelyacht\",\"isPartOf\":{\"@id\":\"https:\/\/yara-yachting.com\/de\/#website\"},\"primaryImageOfPage\":{\"@id\":\"https:\/\/yara-yachting.com\/de\/buchungen\/segeln-privater-tages-charter\/#primaryimage\"},\"image\":{\"@id\":\"https:\/\/yara-yachting.com\/de\/buchungen\/segeln-privater-tages-charter\/#primaryimage\"},\"thumbnailUrl\":\"https:\/\/yara-yachting.com\/wp-content\/uploads\/2022\/06\/rhodes-yachting-trips-shalimar-7.jpg\",\"datePublished\":\"2022-06-28T07:06:28+00:00\",\"dateModified\":\"2024-01-29T08:38:00+00:00\",\"description\":\"Buchen Sie einen exklusiven Segeltag auf Rhodos f\u00fcr sich und Ihre Lieben auf unserer Yacht Jeanneau 53 - luxuri\u00f6s, komfortabel und sicher.\",\"breadcrumb\":{\"@id\":\"https:\/\/yara-yachting.com\/de\/buchungen\/segeln-privater-tages-charter\/#breadcrumb\"},\"inLanguage\":\"de\",\"potentialAction\":[{\"@type\":\"ReadAction\",\"target\":[\"https:\/\/yara-yachting.com\/de\/buchungen\/segeln-privater-tages-charter\/\"]}]},{\"@type\":\"ImageObject\",\"inLanguage\":\"de\",\"@id\":\"https:\/\/yara-yachting.com\/de\/buchungen\/segeln-privater-tages-charter\/#primaryimage\",\"url\":\"https:\/\/yara-yachting.com\/wp-content\/uploads\/2022\/06\/rhodes-yachting-trips-shalimar-7.jpg\",\"contentUrl\":\"https:\/\/yara-yachting.com\/wp-content\/uploads\/2022\/06\/rhodes-yachting-trips-shalimar-7.jpg\",\"width\":1620,\"height\":1080,\"caption\":\"Exceptional sailing excursions with Yara Yachting\"},{\"@type\":\"BreadcrumbList\",\"@id\":\"https:\/\/yara-yachting.com\/de\/buchungen\/segeln-privater-tages-charter\/#breadcrumb\",\"itemListElement\":[{\"@type\":\"ListItem\",\"position\":1,\"name\":\"Home\",\"item\":\"https:\/\/yara-yachting.com\/de\/\"},{\"@type\":\"ListItem\",\"position\":2,\"name\":\"Buchen\",\"item\":\"https:\/\/yara-yachting.com\/de\/jetzt-buchen\/\"},{\"@type\":\"ListItem\",\"position\":3,\"name\":\"Segelyacht | Private Tagescharter\"}]},{\"@type\":\"WebSite\",\"@id\":\"https:\/\/yara-yachting.com\/de\/#website\",\"url\":\"https:\/\/yara-yachting.com\/de\/\",\"name\":\"Yara Yachting\",\"description\":\"Yacht Charter Rhodes\",\"publisher\":{\"@id\":\"https:\/\/yara-yachting.com\/de\/#organization\"},\"potentialAction\":[{\"@type\":\"SearchAction\",\"target\":{\"@type\":\"EntryPoint\",\"urlTemplate\":\"https:\/\/yara-yachting.com\/de\/?s={search_term_string}\"},\"query-input\":{\"@type\":\"PropertyValueSpecification\",\"valueRequired\":true,\"valueName\":\"search_term_string\"}}],\"inLanguage\":\"de\"},{\"@type\":\"Organization\",\"@id\":\"https:\/\/yara-yachting.com\/de\/#organization\",\"name\":\"Yara Yachting\",\"url\":\"https:\/\/yara-yachting.com\/de\/\",\"logo\":{\"@type\":\"ImageObject\",\"inLanguage\":\"de\",\"@id\":\"https:\/\/yara-yachting.com\/de\/#\/schema\/logo\/image\/\",\"url\":\"https:\/\/yara-yachting.com\/wp-content\/uploads\/2022\/03\/yara-yacht-charter-rhodes.svg\",\"contentUrl\":\"https:\/\/yara-yachting.com\/wp-content\/uploads\/2022\/03\/yara-yacht-charter-rhodes.svg\",\"width\":841,\"height\":217,\"caption\":\"Yara Yachting\"},\"image\":{\"@id\":\"https:\/\/yara-yachting.com\/de\/#\/schema\/logo\/image\/\"}}]}<\/script>\n<!-- \/ Yoast SEO plugin. -->","yoast_head_json":{"title":"Yara Yachting | Exklusiver Tagesausflug | Buchen Sie unsere Jeanneau Segelyacht","description":"Buchen Sie einen exklusiven Segeltag auf Rhodos f\u00fcr sich und Ihre Lieben auf unserer Yacht Jeanneau 53 - luxuri\u00f6s, komfortabel und sicher.","robots":{"index":"index","follow":"follow","max-snippet":"max-snippet:-1","max-image-preview":"max-image-preview:large","max-video-preview":"max-video-preview:-1"},"canonical":"https:\/\/yara-yachting.com\/de\/buchungen\/segeln-privater-tages-charter\/","og_locale":"de_DE","og_type":"article","og_title":"Yara Yachting | Exklusiver Tagesausflug | Buchen Sie unsere Jeanneau Segelyacht","og_description":"Buchen Sie einen exklusiven Segeltag auf Rhodos f\u00fcr sich und Ihre Lieben auf unserer Yacht Jeanneau 53 - luxuri\u00f6s, komfortabel und sicher.","og_url":"https:\/\/yara-yachting.com\/de\/buchungen\/segeln-privater-tages-charter\/","og_site_name":"Yara Yachting","article_modified_time":"2024-01-29T08:38:00+00:00","twitter_card":"summary_large_image","twitter_misc":{"Gesch\u00e4tzte Lesezeit":"1\u00a0Minute"},"schema":{"@context":"https:\/\/schema.org","@graph":[{"@type":"WebPage","@id":"https:\/\/yara-yachting.com\/de\/buchungen\/segeln-privater-tages-charter\/","url":"https:\/\/yara-yachting.com\/de\/buchungen\/segeln-privater-tages-charter\/","name":"Yara Yachting | Exklusiver Tagesausflug | Buchen Sie unsere Jeanneau Segelyacht","isPartOf":{"@id":"https:\/\/yara-yachting.com\/de\/#website"},"primaryImageOfPage":{"@id":"https:\/\/yara-yachting.com\/de\/buchungen\/segeln-privater-tages-charter\/#primaryimage"},"image":{"@id":"https:\/\/yara-yachting.com\/de\/buchungen\/segeln-privater-tages-charter\/#primaryimage"},"thumbnailUrl":"https:\/\/yara-yachting.com\/wp-content\/uploads\/2022\/06\/rhodes-yachting-trips-shalimar-7.jpg","datePublished":"2022-06-28T07:06:28+00:00","dateModified":"2024-01-29T08:38:00+00:00","description":"Buchen Sie einen exklusiven Segeltag auf Rhodos f\u00fcr sich und Ihre Lieben auf unserer Yacht Jeanneau 53 - luxuri\u00f6s, komfortabel und sicher.","breadcrumb":{"@id":"https:\/\/yara-yachting.com\/de\/buchungen\/segeln-privater-tages-charter\/#breadcrumb"},"inLanguage":"de","potentialAction":[{"@type":"ReadAction","target":["https:\/\/yara-yachting.com\/de\/buchungen\/segeln-privater-tages-charter\/"]}]},{"@type":"ImageObject","inLanguage":"de","@id":"https:\/\/yara-yachting.com\/de\/buchungen\/segeln-privater-tages-charter\/#primaryimage","url":"https:\/\/yara-yachting.com\/wp-content\/uploads\/2022\/06\/rhodes-yachting-trips-shalimar-7.jpg","contentUrl":"https:\/\/yara-yachting.com\/wp-content\/uploads\/2022\/06\/rhodes-yachting-trips-shalimar-7.jpg","width":1620,"height":1080,"caption":"Exceptional sailing excursions with Yara Yachting"},{"@type":"BreadcrumbList","@id":"https:\/\/yara-yachting.com\/de\/buchungen\/segeln-privater-tages-charter\/#breadcrumb","itemListElement":[{"@type":"ListItem","position":1,"name":"Home","item":"https:\/\/yara-yachting.com\/de\/"},{"@type":"ListItem","position":2,"name":"Buchen","item":"https:\/\/yara-yachting.com\/de\/jetzt-buchen\/"},{"@type":"ListItem","position":3,"name":"Segelyacht | Private Tagescharter"}]},{"@type":"WebSite","@id":"https:\/\/yara-yachting.com\/de\/#website","url":"https:\/\/yara-yachting.com\/de\/","name":"Yara Yachting","description":"Yacht Charter Rhodes","publisher":{"@id":"https:\/\/yara-yachting.com\/de\/#organization"},"potentialAction":[{"@type":"SearchAction","target":{"@type":"EntryPoint","urlTemplate":"https:\/\/yara-yachting.com\/de\/?s={search_term_string}"},"query-input":{"@type":"PropertyValueSpecification","valueRequired":true,"valueName":"search_term_string"}}],"inLanguage":"de"},{"@type":"Organization","@id":"https:\/\/yara-yachting.com\/de\/#organization","name":"Yara Yachting","url":"https:\/\/yara-yachting.com\/de\/","logo":{"@type":"ImageObject","inLanguage":"de","@id":"https:\/\/yara-yachting.com\/de\/#\/schema\/logo\/image\/","url":"https:\/\/yara-yachting.com\/wp-content\/uploads\/2022\/03\/yara-yacht-charter-rhodes.svg","contentUrl":"https:\/\/yara-yachting.com\/wp-content\/uploads\/2022\/03\/yara-yacht-charter-rhodes.svg","width":841,"height":217,"caption":"Yara Yachting"},"image":{"@id":"https:\/\/yara-yachting.com\/de\/#\/schema\/logo\/image\/"}}]}},"_links":{"self":[{"href":"https:\/\/yara-yachting.com\/de\/wp-json\/wp\/v2\/product\/3435","targetHints":{"allow":["GET"]}}],"collection":[{"href":"https:\/\/yara-yachting.com\/de\/wp-json\/wp\/v2\/product"}],"about":[{"href":"https:\/\/yara-yachting.com\/de\/wp-json\/wp\/v2\/types\/product"}],"wp:featuredmedia":[{"embeddable":true,"href":"https:\/\/yara-yachting.com\/de\/wp-json\/wp\/v2\/media\/2756"}],"wp:attachment":[{"href":"https:\/\/yara-yachting.com\/de\/wp-json\/wp\/v2\/media?parent=3435"}],"wp:term":[{"taxonomy":"product_brand","embeddable":true,"href":"https:\/\/yara-yachting.com\/de\/wp-json\/wp\/v2\/product_brand?post=3435"},{"taxonomy":"product_cat","embeddable":true,"href":"https:\/\/yara-yachting.com\/de\/wp-json\/wp\/v2\/product_cat?post=3435"},{"taxonomy":"product_tag","embeddable":true,"href":"https:\/\/yara-yachting.com\/de\/wp-json\/wp\/v2\/product_tag?post=3435"}],"curies":[{"name":"wp","href":"https:\/\/api.w.org\/{rel}","templated":true}]}}